{"id":5968,"date":"2016-12-26T09:39:20","date_gmt":"2016-12-26T09:39:20","guid":{"rendered":"http:\/\/Arabia155.fi\/index.php\/?page_id=5968"},"modified":"2021-02-23T18:27:38","modified_gmt":"2021-02-23T18:27:38","slug":"isannoitsija","status":"publish","type":"page","link":"https:\/\/Arabia155.fi\/index.php\/isannoitsija\/","title":{"rendered":"Is\u00e4nn\u00f6itsij\u00e4"},"content":{"rendered":"<p>asiakaspalvelu p. 010-4116700<br \/>\nasiakaspalvelu@provia.fi<\/p>\n<p>is\u00e4nn\u00f6itsij\u00e4<br \/>\nTeemu Vuorenmaa<br \/>\nteemu.vuorenmaa@provia.fi<br \/>\np. 010-4116745<\/p>\n<p><a href=\"http:\/\/www.provia.fi\">www.provia.fi<\/a><\/p>\n","protected":false},"excerpt":{"rendered":"<p>asiakaspalvelu p. 010-4116700 asiakaspalvelu@provia.fi is\u00e4nn\u00f6itsij\u00e4 Teemu Vuorenmaa teemu.vuorenmaa@provia.fi p. 010-4116745 www.provia.fi<\/p>\n","protected":false},"author":1,"featured_media":0,"parent":0,"menu_order":0,"comment_status":"closed","ping_status":"closed","template":"","meta":[],"_links":{"self":[{"href":"https:\/\/Arabia155.fi\/index.php\/wp-json\/wp\/v2\/pages\/5968"}],"collection":[{"href":"https:\/\/Arabia155.fi\/index.php\/wp-json\/wp\/v2\/pages"}],"about":[{"href":"https:\/\/Arabia155.fi\/index.php\/wp-json\/wp\/v2\/types\/page"}],"author":[{"embeddable":true,"href":"https:\/\/Arabia155.fi\/index.php\/wp-json\/wp\/v2\/users\/1"}],"replies":[{"embeddable":true,"href":"https:\/\/Arabia155.fi\/index.php\/wp-json\/wp\/v2\/comments?post=5968"}],"version-history":[{"count":2,"href":"https:\/\/Arabia155.fi\/index.php\/wp-json\/wp\/v2\/pages\/5968\/revisions"}],"predecessor-version":[{"id":6077,"href":"https:\/\/Arabia155.fi\/index.php\/wp-json\/wp\/v2\/pages\/5968\/revisions\/6077"}],"wp:attachment":[{"href":"https:\/\/Arabia155.fi\/index.php\/wp-json\/wp\/v2\/media?parent=5968"}],"curies":[{"name":"wp","href":"https:\/\/api.w.org\/{rel}","templated":true}]}}