{"id":5966,"date":"2016-12-26T09:38:44","date_gmt":"2016-12-26T09:38:44","guid":{"rendered":"http:\/\/Arabia155.fi\/index.php\/?page_id=5966"},"modified":"2018-04-26T14:49:48","modified_gmt":"2018-04-26T14:49:48","slug":"jata-huoltopyynto","status":"publish","type":"page","link":"https:\/\/Arabia155.fi\/index.php\/jata-huoltopyynto\/","title":{"rendered":"J\u00e4t\u00e4 huoltopyynt\u00f6"},"content":{"rendered":"<p>J\u00e4t\u00e4 huoltopyynt\u00f6\u00a0t\u00e4st\u00e4 linkist\u00e4:<\/p>\n<p><a href=\"https:\/\/m.fimx.fi\/julmo\/arabia\/155\">https:\/\/m.fimx.fi\/julmo\/arabia\/155<\/a><\/p>\n","protected":false},"excerpt":{"rendered":"<p>J\u00e4t\u00e4 huoltopyynt\u00f6\u00a0t\u00e4st\u00e4 linkist\u00e4: https:\/\/m.fimx.fi\/julmo\/arabia\/155<\/p>\n","protected":false},"author":1,"featured_media":0,"parent":0,"menu_order":0,"comment_status":"closed","ping_status":"closed","template":"","meta":[],"_links":{"self":[{"href":"https:\/\/Arabia155.fi\/index.php\/wp-json\/wp\/v2\/pages\/5966"}],"collection":[{"href":"https:\/\/Arabia155.fi\/index.php\/wp-json\/wp\/v2\/pages"}],"about":[{"href":"https:\/\/Arabia155.fi\/index.php\/wp-json\/wp\/v2\/types\/page"}],"author":[{"embeddable":true,"href":"https:\/\/Arabia155.fi\/index.php\/wp-json\/wp\/v2\/users\/1"}],"replies":[{"embeddable":true,"href":"https:\/\/Arabia155.fi\/index.php\/wp-json\/wp\/v2\/comments?post=5966"}],"version-history":[{"count":2,"href":"https:\/\/Arabia155.fi\/index.php\/wp-json\/wp\/v2\/pages\/5966\/revisions"}],"predecessor-version":[{"id":6060,"href":"https:\/\/Arabia155.fi\/index.php\/wp-json\/wp\/v2\/pages\/5966\/revisions\/6060"}],"wp:attachment":[{"href":"https:\/\/Arabia155.fi\/index.php\/wp-json\/wp\/v2\/media?parent=5966"}],"curies":[{"name":"wp","href":"https:\/\/api.w.org\/{rel}","templated":true}]}}