{"id":5604,"date":"2016-04-27T10:09:17","date_gmt":"2016-04-27T10:09:17","guid":{"rendered":"http:\/\/Arabia155.fi\/index.php\/?page_id=5604"},"modified":"2017-01-02T09:44:09","modified_gmt":"2017-01-02T09:44:09","slug":"historia","status":"publish","type":"page","link":"https:\/\/Arabia155.fi\/index.php\/historia\/","title":{"rendered":"HISTORIA"},"content":{"rendered":"[mk_page_section bg_image=&#8221;http:\/\/Arabia155.fi\/wp-content\/uploads\/2015\/05\/kuva2.jpg&#8221; blend_mode=&#8221;darken&#8221; attachment=&#8221;fixed&#8221; bg_position=&#8221;center center&#8221; bg_repeat=&#8221;repeat-y&#8221; enable_3d=&#8221;true&#8221; video_mask=&#8221;true&#8221; bg_gradient=&#8221;left_top&#8221; video_color_mask=&#8221;#404040&#8243; video_opacity=&#8221;0.7&#8243; top_shadow=&#8221;true&#8221; min_height=&#8221;0&#8243; padding_top=&#8221;0&#8243; padding_bottom=&#8221;50&#8243; top_shape_color=&#8221;#ffffff&#8221; bottom_shape_color=&#8221;#ffffff&#8221; first_page=&#8221;false&#8221; last_page=&#8221;false&#8221; sidebar=&#8221;sidebar-1&#8243;][vc_column][mk_fancy_title color=&#8221;#ffffff&#8221; size=&#8221;40&#8243; txt_transform=&#8221;none&#8221; margin_top=&#8221;50&#8243; margin_bottom=&#8221;10&#8243; font_family=&#8221;Courgette&#8221; font_type=&#8221;google&#8221; align=&#8221;center&#8221; el_class=&#8221;hidden-padding&#8221;]Arabia155 kotisivujen historia osuus 3.12.2015[\/mk_fancy_title][\/vc_column][\/mk_page_section][vc_row padding=&#8221;0&#8243;][vc_column][mk_padding_divider][\/vc_column][\/vc_row][vc_row][vc_column width=&#8221;1\/6&#8243;][\/vc_column][vc_column width=&#8221;2\/3&#8243; css=&#8221;.vc_custom_1461751533748{border-radius: 5px !important;}&#8221;][vc_column_text align=&#8221;center&#8221;]\n<p style=\"text-align: left;\">Arabian Liiketalo Oy rakennettiin 50-luvun puolessa v\u00e4liss\u00e4 sodan j\u00e4lkeiseen\u00a0tarpeeseen pienteollisuustaloksi. Yksi talon alullepanijoista oli\u00a0kiinteist\u00f6neuvos Aron Livson. Arkkitehtuuritoimisto Lappi-Sepp\u00e4l\u00e4 ja Martas\u00a0oli piirustusten takana. Talo rakennettiin kolmessa vaiheessa vuosien 1955-1958 aikana.<\/p>\n<p style=\"text-align: left;\">Talon nimi, Arabian Pienteollisuustalo Oy, muutettiin vuonna 2002 Arabian\u00a0Liiketalo Oy:ksi ajan ja talossa toimivien yritysten ilmekuvaa enemm\u00e4n\u00a0vastaavaksi.<\/p>\n<p style=\"text-align: left;\">Historian saatossa t\u00e4\u00e4ll\u00e4 toimineita mestareita on niin metalli-, kultasepp\u00e4-,muovi-, lasi- kuin tekstiilialaltakin. Osa n\u00e4ist\u00e4 on talossa jo toisen polven\u00a0yritt\u00e4jin\u00e4.<\/p>\n<p style=\"text-align: left;\">Kirjapaino, kutomo ja leipomo toivat oman kodikkaan leimansa t\u00e4h\u00e4n\u00a0yhteis\u00f6\u00f6n, pankkia ja postia unohtamatta.<\/p>\n<p style=\"text-align: left;\">H\u00e4meentien puoleinen liiketila, jossa v\u00e4hitt\u00e4iskauppa nyky\u00e4\u00e4n toimii, oli viel\u00e4\u00a01970-luvulla Halli. Hallissa oli my\u00f6s pieni kahvila.<\/p>\n<p style=\"text-align: left;\">Talon hoidosta vastasi legendaarinen talonmies Sarkkinen aina vuoteen 1995\u00a0asti. Sarkkinen tunsi talon perustuksia my\u00f6ten, h\u00e4n oli nuori rakennusmies\u00a0lapio kourassa jo t\u00e4m\u00e4n talon ty\u00f6maalla.\u00a0mahdollistaa \u201draskasta\u201d toimintaa ja ylimpien kerrosten n\u00e4k\u00f6alat ja valoisuus antavat upeat puitteet\u00a0\u201dkevyemm\u00e4lle\u201d toiminnalle.<\/p>\n[\/vc_column_text][\/vc_column][vc_column width=&#8221;1\/6&#8243;][\/vc_column][\/vc_row][mk_page_section bg_color=&#8221;#d4d5d6&#8243; full_width=&#8221;true&#8221; first_page=&#8221;false&#8221; last_page=&#8221;false&#8221; sidebar=&#8221;sidebar-1&#8243;][vc_column][vc_row_inner padding=&#8221;0&#8243;][vc_column_inner width=&#8221;1\/6&#8243;][\/vc_column_inner][vc_column_inner width=&#8221;2\/3&#8243;][mk_image src=&#8221;http:\/\/arabia155.fi\/wp-content\/uploads\/2016\/04\/logo_footer-1.png&#8221; image_size=&#8221;full&#8221; align=&#8221;center&#8221;][mk_fancy_title color=&#8221;#888888&#8243; size=&#8221;16&#8243; txt_transform=&#8221;lowercase&#8221; margin_top=&#8221;10&#8243; margin_bottom=&#8221;0&#8243; font_family=&#8221;Lato&#8221; font_type=&#8221;google&#8221; align=&#8221;center&#8221; el_class=&#8221;footer-menu&#8221;]<a href=\"http:\/\/arabia155.fi\/\">etusivu<\/a> | <a href=\"http:\/\/arabia155.fi\/arabia\/\">arabia155<\/a> | <a href=\"http:\/\/arabia155.fi\/yritykset\/\">yritykset<\/a> | <a href=\"http:\/\/arabia155.fi\/yhteystiedot\/\">yhteystiedot<\/a>[\/mk_fancy_title][mk_fancy_title color=&#8221;#888888&#8243; size=&#8221;16&#8243; margin_top=&#8221;40&#8243; font_family=&#8221;Lato&#8221; font_type=&#8221;google&#8221; align=&#8221;center&#8221; el_class=&#8221;footer-menu&#8221;]H\u00e4meentie 155 | 00560 Helsinki | <a href=\"mailto:asiakaspalvelu@kiirava.fi\" target=\"_blank\">asiakaspalvelu@kiirava.fi<\/a>\u00a0|\u00a009-2515530[\/mk_fancy_title][\/vc_column_inner][vc_column_inner width=&#8221;1\/6&#8243;][\/vc_column_inner][\/vc_row_inner][vc_column_text disable_pattern=&#8221;false&#8221; align=&#8221;center&#8221; margin_bottom=&#8221;40&#8243;]\n<div style=\"font-size: 12px; color: #888888;\">\u00a9 2016 nTec Finland Oy. All rights reserved.<\/div>\n[\/vc_column_text][\/vc_column][\/mk_page_section]\n","protected":false},"excerpt":{"rendered":"<p>[mk_page_section bg_image=&#8221;http:\/\/Arabia155.fi\/wp-content\/uploads\/2015\/05\/kuva2.jpg&#8221; blend_mode=&#8221;darken&#8221; attachment=&#8221;fixed&#8221; bg_position=&#8221;center center&#8221; bg_repeat=&#8221;repeat-y&#8221; enable_3d=&#8221;true&#8221; video_mask=&#8221;true&#8221; bg_gradient=&#8221;left_top&#8221; video_color_mask=&#8221;#404040&#8243; video_opacity=&#8221;0.7&#8243; top_shadow=&#8221;true&#8221; min_height=&#8221;0&#8243; padding_top=&#8221;0&#8243; padding_bottom=&#8221;50&#8243; top_shape_color=&#8221;#ffffff&#8221; bottom_shape_color=&#8221;#ffffff&#8221; first_page=&#8221;false&#8221; last_page=&#8221;false&#8221; sidebar=&#8221;sidebar-1&#8243;][vc_column][mk_fancy_title color=&#8221;#ffffff&#8221; size=&#8221;40&#8243; txt_transform=&#8221;none&#8221; margin_top=&#8221;50&#8243; margin_bottom=&#8221;10&#8243; font_family=&#8221;Courgette&#8221; font_type=&#8221;google&#8221; align=&#8221;center&#8221; el_class=&#8221;hidden-padding&#8221;]Arabia155 kotisivujen historia osuus 3.12.2015[\/mk_fancy_title][\/vc_column][\/mk_page_section][vc_row padding=&#8221;0&#8243;][vc_column][mk_padding_divider][\/vc_column][\/vc_row][vc_row][vc_column width=&#8221;1\/6&#8243;][\/vc_column][vc_column width=&#8221;2\/3&#8243; css=&#8221;.vc_custom_1461751533748{border-radius: 5px !important;}&#8221;][vc_column_text align=&#8221;center&#8221;] Arabian Liiketalo Oy rakennettiin 50-luvun puolessa v\u00e4liss\u00e4 sodan j\u00e4lkeiseen\u00a0tarpeeseen pienteollisuustaloksi. Yksi talon alullepanijoista oli\u00a0kiinteist\u00f6neuvos [&hellip;]<\/p>\n","protected":false},"author":1,"featured_media":0,"parent":0,"menu_order":0,"comment_status":"closed","ping_status":"closed","template":"","meta":[],"_links":{"self":[{"href":"https:\/\/Arabia155.fi\/index.php\/wp-json\/wp\/v2\/pages\/5604"}],"collection":[{"href":"https:\/\/Arabia155.fi\/index.php\/wp-json\/wp\/v2\/pages"}],"about":[{"href":"https:\/\/Arabia155.fi\/index.php\/wp-json\/wp\/v2\/types\/page"}],"author":[{"embeddable":true,"href":"https:\/\/Arabia155.fi\/index.php\/wp-json\/wp\/v2\/users\/1"}],"replies":[{"embeddable":true,"href":"https:\/\/Arabia155.fi\/index.php\/wp-json\/wp\/v2\/comments?post=5604"}],"version-history":[{"count":41,"href":"https:\/\/Arabia155.fi\/index.php\/wp-json\/wp\/v2\/pages\/5604\/revisions"}],"predecessor-version":[{"id":5983,"href":"https:\/\/Arabia155.fi\/index.php\/wp-json\/wp\/v2\/pages\/5604\/revisions\/5983"}],"wp:attachment":[{"href":"https:\/\/Arabia155.fi\/index.php\/wp-json\/wp\/v2\/media?parent=5604"}],"curies":[{"name":"wp","href":"https:\/\/api.w.org\/{rel}","templated":true}]}}