{"id":5573,"date":"2016-04-22T06:40:00","date_gmt":"2016-04-22T06:40:00","guid":{"rendered":"http:\/\/Arabia155.fi\/index.php\/?page_id=5573"},"modified":"2017-01-02T09:45:03","modified_gmt":"2017-01-02T09:45:03","slug":"nykyaika","status":"publish","type":"page","link":"https:\/\/Arabia155.fi\/index.php\/nykyaika\/","title":{"rendered":"Nykyaika"},"content":{"rendered":"[vc_row padding=&#8221;0&#8243;][vc_column][mk_padding_divider][\/vc_column][\/vc_row][vc_row][vc_column][vc_column_text]\n[\/vc_column_text][\/vc_column][\/vc_row][vc_row][vc_column width=&#8221;1\/2&#8243;][mk_padding_divider size=&#8221;20&#8243;][vc_column_text]T\u00e4n\u00e4 p\u00e4iv\u00e4n\u00e4 talossa elet\u00e4\u00e4n vahvasti 2000-lukua.<br \/>\nLaaja kirjo eri alojen yrityksi\u00e4 n\u00e4ytt\u00e4\u00e4 omaa ainutlaatuista osaamistaan.<br \/>\nTalossa on pieni\u00e4 teollisuusyrityksi\u00e4, viimeisint\u00e4 teknologia osaamista, eri\u00a0palvelualojen yrityksi\u00e4, huippuun viety\u00e4 designia ja laajasti kaikkea silt\u00e4 v\u00e4lilt\u00e4.[\/vc_column_text][\/vc_column][vc_column width=&#8221;1\/2&#8243;][mk_padding_divider size=&#8221;20&#8243;][vc_single_image image=&#8221;5476&#8243; img_size=&#8221;medium&#8221; alignment=&#8221;center&#8221; css_animation=&#8221;appear&#8221;][\/vc_column][\/vc_row][vc_row][vc_column width=&#8221;1\/2&#8243;][vc_single_image image=&#8221;5474&#8243; img_size=&#8221;medium&#8221; alignment=&#8221;center&#8221; css_animation=&#8221;appear&#8221;][\/vc_column][vc_column width=&#8221;1\/2&#8243;][mk_padding_divider size=&#8221;15&#8243;][vc_column_text]Talossa oleva hallitus toimii ymp\u00e4rist\u00f6\u00e4 tarkasti seuraten ja pyrkii kaikin mahdollisin tavoin pit\u00e4m\u00e4\u00e4n tasapuolisesti huolta rakennuksesta ja siten tarjoamaan mahdollisimman hyv\u00e4t puitteet hyvinkin erilaista liiketoimintaa harjoittaville yrityksille. Rakennuksen alimpien kerrosten kantavuus mahdollistaa pienteollisen toiminnan ja ylimpien kerrosten n\u00e4k\u00f6alat ja valoisuus antavat upeat puitteet esimerkiksi taiteelliselle ilmaisulle.[\/vc_column_text][\/vc_column][\/vc_row][mk_page_section bg_color=&#8221;#d4d5d6&#8243; full_width=&#8221;true&#8221; first_page=&#8221;false&#8221; last_page=&#8221;false&#8221; sidebar=&#8221;sidebar-1&#8243;][vc_column][vc_row_inner padding=&#8221;0&#8243;][vc_column_inner width=&#8221;1\/6&#8243;][\/vc_column_inner][vc_column_inner width=&#8221;2\/3&#8243;][mk_image src=&#8221;http:\/\/arabia155.fi\/wp-content\/uploads\/2016\/04\/logo_footer-1.png&#8221; image_size=&#8221;full&#8221; align=&#8221;center&#8221;][mk_fancy_title color=&#8221;#888888&#8243; size=&#8221;16&#8243; txt_transform=&#8221;lowercase&#8221; margin_top=&#8221;10&#8243; margin_bottom=&#8221;0&#8243; font_family=&#8221;Lato&#8221; font_type=&#8221;google&#8221; align=&#8221;center&#8221; el_class=&#8221;footer-menu&#8221;]<a href=\"http:\/\/arabia155.fi\/\">etusivu<\/a> | <a href=\"http:\/\/arabia155.fi\/arabia\/\">arabia155<\/a> | <a href=\"http:\/\/arabia155.fi\/yritykset\/\">yritykset<\/a> | <a href=\"http:\/\/arabia155.fi\/yhteystiedot\/\">yhteystiedot<\/a>[\/mk_fancy_title][mk_fancy_title color=&#8221;#888888&#8243; size=&#8221;16&#8243; margin_top=&#8221;40&#8243; font_family=&#8221;Lato&#8221; font_type=&#8221;google&#8221; align=&#8221;center&#8221; el_class=&#8221;footer-menu&#8221;]H\u00e4meentie 155 | 00560 Helsinki | <a href=\"mailto:asiakaspalvelu@kiirava.fi\" target=\"_blank\">asiakaspalvelu@kiirava.fi<\/a>\u00a0|\u00a009-2515530[\/mk_fancy_title][\/vc_column_inner][vc_column_inner width=&#8221;1\/6&#8243;][\/vc_column_inner][\/vc_row_inner][vc_column_text disable_pattern=&#8221;false&#8221; align=&#8221;center&#8221; margin_bottom=&#8221;40&#8243;]\n<div style=\"font-size: 12px; color: #888888;\">\u00a9 2016 nTec Finland Oy. All rights reserved.<\/div>\n[\/vc_column_text][\/vc_column][\/mk_page_section]\n","protected":false},"excerpt":{"rendered":"<p>[vc_row padding=&#8221;0&#8243;][vc_column][mk_padding_divider][\/vc_column][\/vc_row][vc_row][vc_column][vc_column_text] [\/vc_column_text][\/vc_column][\/vc_row][vc_row][vc_column width=&#8221;1\/2&#8243;][mk_padding_divider size=&#8221;20&#8243;][vc_column_text]T\u00e4n\u00e4 p\u00e4iv\u00e4n\u00e4 talossa elet\u00e4\u00e4n vahvasti 2000-lukua. Laaja kirjo eri alojen yrityksi\u00e4 n\u00e4ytt\u00e4\u00e4 omaa ainutlaatuista osaamistaan. Talossa on pieni\u00e4 teollisuusyrityksi\u00e4, viimeisint\u00e4 teknologia osaamista, eri\u00a0palvelualojen yrityksi\u00e4, huippuun viety\u00e4 designia ja laajasti kaikkea silt\u00e4 v\u00e4lilt\u00e4.[\/vc_column_text][\/vc_column][vc_column width=&#8221;1\/2&#8243;][mk_padding_divider size=&#8221;20&#8243;][vc_single_image image=&#8221;5476&#8243; img_size=&#8221;medium&#8221; alignment=&#8221;center&#8221; css_animation=&#8221;appear&#8221;][\/vc_column][\/vc_row][vc_row][vc_column width=&#8221;1\/2&#8243;][vc_single_image image=&#8221;5474&#8243; img_size=&#8221;medium&#8221; alignment=&#8221;center&#8221; css_animation=&#8221;appear&#8221;][\/vc_column][vc_column width=&#8221;1\/2&#8243;][mk_padding_divider size=&#8221;15&#8243;][vc_column_text]Talossa oleva hallitus toimii ymp\u00e4rist\u00f6\u00e4 tarkasti seuraten [&hellip;]<\/p>\n","protected":false},"author":1,"featured_media":0,"parent":0,"menu_order":0,"comment_status":"closed","ping_status":"closed","template":"","meta":[],"_links":{"self":[{"href":"https:\/\/Arabia155.fi\/index.php\/wp-json\/wp\/v2\/pages\/5573"}],"collection":[{"href":"https:\/\/Arabia155.fi\/index.php\/wp-json\/wp\/v2\/pages"}],"about":[{"href":"https:\/\/Arabia155.fi\/index.php\/wp-json\/wp\/v2\/types\/page"}],"author":[{"embeddable":true,"href":"https:\/\/Arabia155.fi\/index.php\/wp-json\/wp\/v2\/users\/1"}],"replies":[{"embeddable":true,"href":"https:\/\/Arabia155.fi\/index.php\/wp-json\/wp\/v2\/comments?post=5573"}],"version-history":[{"count":21,"href":"https:\/\/Arabia155.fi\/index.php\/wp-json\/wp\/v2\/pages\/5573\/revisions"}],"predecessor-version":[{"id":5984,"href":"https:\/\/Arabia155.fi\/index.php\/wp-json\/wp\/v2\/pages\/5573\/revisions\/5984"}],"wp:attachment":[{"href":"https:\/\/Arabia155.fi\/index.php\/wp-json\/wp\/v2\/media?parent=5573"}],"curies":[{"name":"wp","href":"https:\/\/api.w.org\/{rel}","templated":true}]}}