{"id":10,"date":"2015-05-25T17:07:41","date_gmt":"2015-05-25T17:07:41","guid":{"rendered":"http:\/\/demos.artbees.net\/jupiter5\/elara\/?page_id=10"},"modified":"2017-01-02T09:37:38","modified_gmt":"2017-01-02T09:37:38","slug":"yhteystiedot","status":"publish","type":"page","link":"https:\/\/Arabia155.fi\/index.php\/yhteystiedot\/","title":{"rendered":"YHTEYSTIEDOT"},"content":{"rendered":"[vc_row fullwidth=&#8221;true&#8221;][vc_column css=&#8221;.vc_custom_1433230152636{background-color: #222222 !important;}&#8221;][mk_fancy_title color=&#8221;#ff6370&#8243; size=&#8221;48&#8243; txt_transform=&#8221;uppercase&#8221; letter_spacing=&#8221;6&#8243; margin_top=&#8221;120&#8243; margin_bottom=&#8221;60&#8243; font_family=&#8221;Josefin+Sans&#8221; font_type=&#8221;google&#8221; align=&#8221;center&#8221;]Ota Yhteytt\u00e4 meihin[\/mk_fancy_title][\/vc_column][\/vc_row][mk_page_section bg_color=&#8221;#222222&#8243; min_height=&#8221;300&#8243; padding_top=&#8221;0&#8243; padding_bottom=&#8221;0&#8243; first_page=&#8221;false&#8221; last_page=&#8221;false&#8221; sidebar=&#8221;sidebar-1&#8243;][vc_column width=&#8221;2\/6&#8243;][mk_padding_divider][mk_fancy_title color=&#8221;#c1c1c1&#8243; txt_transform=&#8221;uppercase&#8221; letter_spacing=&#8221;1&#8243; margin_bottom=&#8221;18&#8243; font_family=&#8221;Josefin+Sans&#8221; font_type=&#8221;google&#8221;]Yhteystiedot[\/mk_fancy_title][vc_column_text disable_pattern=&#8221;false&#8221;]\n<div style=\"font-size: 14px; color: #fff;\">H\u00e4meentie 155<br \/>\n00560 Helsinki<br \/>\nS\u00e4hk\u00f6posti: <a href=\"mailto:asiakaspalvelu@kiirava.fi\" target=\"_blank\">asiakaspalvelu@kiirava.fi<\/a><\/div>\n<div style=\"font-size: 14px; color: #fff;\">p. 09-2515530<\/div>\n[\/vc_column_text][mk_padding_divider][\/vc_column][vc_column width=&#8221;4\/6&#8243;][mk_contact_form style=&#8221;corporate&#8221; button_text=&#8221;L\u00c4HET\u00c4&#8221; bg_color=&#8221;#333333&#8243; border_color=&#8221;#333333&#8243; font_color=&#8221;#ffffff&#8221; button_color=&#8221;#333333&#8243; button_font_color=&#8221;#ffffff&#8221;][mk_padding_divider size=&#8221;80&#8243;][\/vc_column][\/mk_page_section][vc_row fullwidth=&#8221;true&#8221; padding=&#8221;0&#8243;][vc_column][mk_advanced_gmaps latitude=&#8221;60.21204&#8243; longitude=&#8221;24.97965&#8243; address=&#8221;Non vehicula est blandit curabitur molestie&#8221; content_font_color=&#8221;#ffffff&#8221; height=&#8221;400&#8243; zoom=&#8221;13&#8243; pan_control=&#8221;false&#8221; draggable=&#8221;false&#8221; map_type_control=&#8221;false&#8221; scale_control=&#8221;false&#8221; modify_json=&#8221;true&#8221; map_json=&#8221;JTVCJTdCJTIyZmVhdHVyZVR5cGUlMjIlM0ElMjJhbGwlMjIlMkMlMjJlbGVtZW50VHlwZSUyMiUzQSUyMmxhYmVscy50ZXh0LmZpbGwlMjIlMkMlMjJzdHlsZXJzJTIyJTNBJTVCJTdCJTIyc2F0dXJhdGlvbiUyMiUzQTM2JTdEJTJDJTdCJTIyY29sb3IlMjIlM0ElMjIlMjMwMDAwMDAlMjIlN0QlMkMlN0IlMjJsaWdodG5lc3MlMjIlM0ElMjI3NSUyMiU3RCU1RCU3RCUyQyU3QiUyMmZlYXR1cmVUeXBlJTIyJTNBJTIyYWxsJTIyJTJDJTIyZWxlbWVudFR5cGUlMjIlM0ElMjJsYWJlbHMudGV4dC5zdHJva2UlMjIlMkMlMjJzdHlsZXJzJTIyJTNBJTVCJTdCJTIydmlzaWJpbGl0eSUyMiUzQSUyMm9uJTIyJTdEJTJDJTdCJTIyY29sb3IlMjIlM0ElMjIlMjMwMDAwMDAlMjIlN0QlMkMlN0IlMjJsaWdodG5lc3MlMjIlM0ExNiU3RCU1RCU3RCUyQyU3QiUyMmZlYXR1cmVUeXBlJTIyJTNBJTIyYWxsJTIyJTJDJTIyZWxlbWVudFR5cGUlMjIlM0ElMjJsYWJlbHMuaWNvbiUyMiUyQyUyMnN0eWxlcnMlMjIlM0ElNUIlN0IlMjJ2aXNpYmlsaXR5JTIyJTNBJTIyb2ZmJTIyJTdEJTVEJTdEJTJDJTdCJTIyZmVhdHVyZVR5cGUlMjIlM0ElMjJhZG1pbmlzdHJhdGl2ZSUyMiUyQyUyMmVsZW1lbnRUeXBlJTIyJTNBJTIyZ2VvbWV0cnkuZmlsbCUyMiUyQyUyMnN0eWxlcnMlMjIlM0ElNUIlN0IlMjJjb2xvciUyMiUzQSUyMiUyMzJiMmIyYiUyMiU3RCUyQyU3QiUyMmxpZ2h0bmVzcyUyMiUzQSUyMjQ3JTIyJTdEJTVEJTdEJTJDJTdCJTIyZmVhdHVyZVR5cGUlMjIlM0ElMjJhZG1pbmlzdHJhdGl2ZSUyMiUyQyUyMmVsZW1lbnRUeXBlJTIyJTNBJTIyZ2VvbWV0cnkuc3Ryb2tlJTIyJTJDJTIyc3R5bGVycyUyMiUzQSU1QiU3QiUyMmNvbG9yJTIyJTNBJTIyJTIzMDAwMDAwJTIyJTdEJTJDJTdCJTIybGlnaHRuZXNzJTIyJTNBMTclN0QlMkMlN0IlMjJ3ZWlnaHQlMjIlM0ExLjIlN0QlNUQlN0QlMkMlN0IlMjJmZWF0dXJlVHlwZSUyMiUzQSUyMmxhbmRzY2FwZSUyMiUyQyUyMmVsZW1lbnRUeXBlJTIyJTNBJTIyZ2VvbWV0cnklMjIlMkMlMjJzdHlsZXJzJTIyJTNBJTVCJTdCJTIyY29sb3IlMjIlM0ElMjIlMjMzMzMzMzMlMjIlN0QlMkMlN0IlMjJ2aXNpYmlsaXR5JTIyJTNBJTIyb24lMjIlN0QlMkMlN0IlMjJ3ZWlnaHQlMjIlM0ElMjIxLjAwJTIyJTdEJTVEJTdEJTJDJTdCJTIyZmVhdHVyZVR5cGUlMjIlM0ElMjJwb2klMjIlMkMlMjJlbGVtZW50VHlwZSUyMiUzQSUyMmdlb21ldHJ5JTIyJTJDJTIyc3R5bGVycyUyMiUzQSU1QiU3QiUyMmNvbG9yJTIyJTNBJTIyJTIzMzMzMzMzJTIyJTdEJTJDJTdCJTIybGlnaHRuZXNzJTIyJTNBJTIyLTUlMjIlN0QlNUQlN0QlMkMlN0IlMjJmZWF0dXJlVHlwZSUyMiUzQSUyMnJvYWQuaGlnaHdheSUyMiUyQyUyMmVsZW1lbnRUeXBlJTIyJTNBJTIyZ2VvbWV0cnkuZmlsbCUyMiUyQyUyMnN0eWxlcnMlMjIlM0ElNUIlN0IlMjJjb2xvciUyMiUzQSUyMiUyMzIyMjIyMiUyMiU3RCU1RCU3RCUyQyU3QiUyMmZlYXR1cmVUeXBlJTIyJTNBJTIycm9hZC5oaWdod2F5JTIyJTJDJTIyZWxlbWVudFR5cGUlMjIlM0ElMjJnZW9tZXRyeS5zdHJva2UlMjIlMkMlMjJzdHlsZXJzJTIyJTNBJTVCJTdCJTIyY29sb3IlMjIlM0ElMjIlMjMwMDAwMDAlMjIlN0QlMkMlN0IlMjJsaWdodG5lc3MlMjIlM0ElMjItMTAwJTIyJTdEJTJDJTdCJTIyd2VpZ2h0JTIyJTNBMC4yJTdEJTJDJTdCJTIyc2F0dXJhdGlvbiUyMiUzQSUyMi0xMDAlMjIlN0QlNUQlN0QlMkMlN0IlMjJmZWF0dXJlVHlwZSUyMiUzQSUyMnJvYWQuYXJ0ZXJpYWwlMjIlMkMlMjJlbGVtZW50VHlwZSUyMiUzQSUyMmdlb21ldHJ5JTIyJTJDJTIyc3R5bGVycyUyMiUzQSU1QiU3QiUyMmNvbG9yJTIyJTNBJTIyJTIzMjIyMjIyJTIyJTdEJTVEJTdEJTJDJTdCJTIyZmVhdHVyZVR5cGUlMjIlM0ElMjJyb2FkLmxvY2FsJTIyJTJDJTIyZWxlbWVudFR5cGUlMjIlM0ElMjJnZW9tZXRyeSUyMiUyQyUyMnN0eWxlcnMlMjIlM0ElNUIlN0IlMjJjb2xvciUyMiUzQSUyMiUyMzJlMmUyZSUyMiU3RCUyQyU3QiUyMmxpZ2h0bmVzcyUyMiUzQSUyMi0yNSUyMiU3RCU1RCU3RCUyQyU3QiUyMmZlYXR1cmVUeXBlJTIyJTNBJTIydHJhbnNpdCUyMiUyQyUyMmVsZW1lbnRUeXBlJTIyJTNBJTIyZ2VvbWV0cnklMjIlMkMlMjJzdHlsZXJzJTIyJTNBJTVCJTdCJTIyY29sb3IlMjIlM0ElMjIlMjMyMjIyMjIlMjIlN0QlMkMlN0IlMjJsaWdodG5lc3MlMjIlM0ElMjIxOSUyMiU3RCUyQyU3QiUyMndlaWdodCUyMiUzQSUyMjEuMDAlMjIlN0QlMkMlN0IlMjJzYXR1cmF0aW9uJTIyJTNBJTIyLTEwMCUyMiU3RCUyQyU3QiUyMmdhbW1hJTIyJTNBJTIyMC44MyUyMiU3RCU1RCU3RCUyQyU3QiUyMmZlYXR1cmVUeXBlJTIyJTNBJTIyd2F0ZXIlMjIlMkMlMjJlbGVtZW50VHlwZSUyMiUzQSUyMmdlb21ldHJ5JTIyJTJDJTIyc3R5bGVycyUyMiUzQSU1QiU3QiUyMmNvbG9yJTIyJTNBJTIyJTIzMjc0MTRkJTIyJTdEJTJDJTdCJTIybGlnaHRuZXNzJTIyJTNBJTIyMSUyMiU3RCUyQyU3QiUyMnNhdHVyYXRpb24lMjIlM0ElMjItNzIlMjIlN0QlNUQlN0QlNUQ=&#8221;][\/vc_column][\/vc_row][mk_page_section bg_color=&#8221;#111111&#8243; full_width=&#8221;true&#8221; first_page=&#8221;false&#8221; last_page=&#8221;false&#8221; sidebar=&#8221;sidebar-1&#8243;][vc_column][vc_row_inner padding=&#8221;0&#8243;][vc_column_inner width=&#8221;1\/6&#8243;][\/vc_column_inner][vc_column_inner width=&#8221;2\/3&#8243;][mk_image src=&#8221;http:\/\/arabia155.fi\/wp-content\/uploads\/2016\/04\/logo_footer-1.png&#8221; image_size=&#8221;full&#8221; align=&#8221;center&#8221;][mk_fancy_title color=&#8221;#888888&#8243; size=&#8221;16&#8243; txt_transform=&#8221;lowercase&#8221; margin_top=&#8221;10&#8243; margin_bottom=&#8221;0&#8243; font_family=&#8221;Lato&#8221; font_type=&#8221;google&#8221; align=&#8221;center&#8221; el_class=&#8221;footer-menu&#8221;]<a href=\"http:\/\/arabia155.fi\/\">etusivu<\/a> | <a href=\"http:\/\/arabia155.fi\/arabia\/\">arabia155<\/a> | <a href=\"http:\/\/arabia155.fi\/yritykset\/\">yritykset<\/a> | <a href=\"http:\/\/arabia155.fi\/yhteystiedot\/\">yhteystiedot<\/a>[\/mk_fancy_title][mk_fancy_title color=&#8221;#888888&#8243; size=&#8221;16&#8243; margin_top=&#8221;40&#8243; font_family=&#8221;Lato&#8221; font_type=&#8221;google&#8221; align=&#8221;center&#8221; el_class=&#8221;footer-menu&#8221;]H\u00e4meentie 155 | 00560 Helsinki | <a href=\"mailto:asiakaspalvelu@kiirava.fi\" target=\"_blank\">asiakaspalvelu@kiirava.fi<\/a>\u00a0p: 09-2515530[\/mk_fancy_title][\/vc_column_inner][vc_column_inner width=&#8221;1\/6&#8243;][\/vc_column_inner][\/vc_row_inner][vc_column_text disable_pattern=&#8221;false&#8221; align=&#8221;center&#8221; margin_bottom=&#8221;40&#8243;]\n<div style=\"font-size: 12px; color: #888888;\">\u00a9 2016 nTec Finland Oy. All rights reserved.<\/div>\n[\/vc_column_text][\/vc_column][vc_column][\/vc_column][vc_column][\/vc_column][\/mk_page_section]\n","protected":false},"excerpt":{"rendered":"<p>[vc_row fullwidth=&#8221;true&#8221;][vc_column css=&#8221;.vc_custom_1433230152636{background-color: #222222 !important;}&#8221;][mk_fancy_title color=&#8221;#ff6370&#8243; size=&#8221;48&#8243; txt_transform=&#8221;uppercase&#8221; letter_spacing=&#8221;6&#8243; margin_top=&#8221;120&#8243; margin_bottom=&#8221;60&#8243; font_family=&#8221;Josefin+Sans&#8221; font_type=&#8221;google&#8221; align=&#8221;center&#8221;]Ota Yhteytt\u00e4 meihin[\/mk_fancy_title][\/vc_column][\/vc_row][mk_page_section bg_color=&#8221;#222222&#8243; min_height=&#8221;300&#8243; padding_top=&#8221;0&#8243; padding_bottom=&#8221;0&#8243; first_page=&#8221;false&#8221; last_page=&#8221;false&#8221; sidebar=&#8221;sidebar-1&#8243;][vc_column width=&#8221;2\/6&#8243;][mk_padding_divider][mk_fancy_title color=&#8221;#c1c1c1&#8243; txt_transform=&#8221;uppercase&#8221; letter_spacing=&#8221;1&#8243; margin_bottom=&#8221;18&#8243; font_family=&#8221;Josefin+Sans&#8221; font_type=&#8221;google&#8221;]Yhteystiedot[\/mk_fancy_title][vc_column_text disable_pattern=&#8221;false&#8221;] H\u00e4meentie 155 00560 Helsinki S\u00e4hk\u00f6posti: asiakaspalvelu@kiirava.fi p. 09-2515530 [\/vc_column_text][mk_padding_divider][\/vc_column][vc_column width=&#8221;4\/6&#8243;][mk_contact_form style=&#8221;corporate&#8221; button_text=&#8221;L\u00c4HET\u00c4&#8221; bg_color=&#8221;#333333&#8243; border_color=&#8221;#333333&#8243; font_color=&#8221;#ffffff&#8221; button_color=&#8221;#333333&#8243; button_font_color=&#8221;#ffffff&#8221;][mk_padding_divider size=&#8221;80&#8243;][\/vc_column][\/mk_page_section][vc_row fullwidth=&#8221;true&#8221; padding=&#8221;0&#8243;][vc_column][mk_advanced_gmaps latitude=&#8221;60.21204&#8243; longitude=&#8221;24.97965&#8243; address=&#8221;Non vehicula [&hellip;]<\/p>\n","protected":false},"author":1,"featured_media":0,"parent":0,"menu_order":0,"comment_status":"open","ping_status":"open","template":"","meta":[],"_links":{"self":[{"href":"https:\/\/Arabia155.fi\/index.php\/wp-json\/wp\/v2\/pages\/10"}],"collection":[{"href":"https:\/\/Arabia155.fi\/index.php\/wp-json\/wp\/v2\/pages"}],"about":[{"href":"https:\/\/Arabia155.fi\/index.php\/wp-json\/wp\/v2\/types\/page"}],"author":[{"embeddable":true,"href":"https:\/\/Arabia155.fi\/index.php\/wp-json\/wp\/v2\/users\/1"}],"replies":[{"embeddable":true,"href":"https:\/\/Arabia155.fi\/index.php\/wp-json\/wp\/v2\/comments?post=10"}],"version-history":[{"count":15,"href":"https:\/\/Arabia155.fi\/index.php\/wp-json\/wp\/v2\/pages\/10\/revisions"}],"predecessor-version":[{"id":5979,"href":"https:\/\/Arabia155.fi\/index.php\/wp-json\/wp\/v2\/pages\/10\/revisions\/5979"}],"wp:attachment":[{"href":"https:\/\/Arabia155.fi\/index.php\/wp-json\/wp\/v2\/media?parent=10"}],"curies":[{"name":"wp","href":"https:\/\/api.w.org\/{rel}","templated":true}]}}